{"id":151,"date":"2023-12-17T09:40:37","date_gmt":"2023-12-17T08:40:37","guid":{"rendered":"https:\/\/chambragne-fils.com\/index.php\/produit\/pack-anniversaire\/"},"modified":"2024-02-29T14:01:00","modified_gmt":"2024-02-29T13:01:00","slug":"pack-anniversaire","status":"publish","type":"product","link":"https:\/\/chambragne-fils.com\/index.php\/produit\/pack-anniversaire\/","title":{"rendered":"Pack anniversaire"},"content":{"rendered":"<p>100\/150 personnes<br \/>\nMontage et prise en main compris<br \/>\nTout est autonome, vous connectez votre ordinateur, tablette ou t\u00e9l\u00e9phone et c&#8217;est parti !<\/p>\n<p>Son :<br \/>\n&#8211; 2 enceintes Yamaha DXR10 1000W<br \/>\n&#8211; 1 caisson de basse QSC KW181<br \/>\n&#8211; borne Bluetooth<br \/>\n&#8211; Micro sans fil Shure SM58<\/p>\n<p>Eclairage :<br \/>\n&#8211; syst\u00e8me d&#8217;\u00e9clairage 5 en 1 Chauvet DJ GigBAR Move + ILS est une barre d&#8217;\u00e9clairage polyvalente qui offre une grande vari\u00e9t\u00e9 d&#8217;effets. Dot\u00e9e de deux Projecteur PAR, de deux lyres, de deux derby, d&#8217;un laser et de plusieurs lampes stroboscopiques int\u00e9gr\u00e9es \u00e0 la barre transversale<br \/>\n&#8211; 1 machine a fum\u00e9e<\/p>\n","protected":false},"excerpt":{"rendered":"<p>100\/150 personnes<\/p>\n","protected":false},"featured_media":231,"template":"","meta":[],"product_brand":[],"product_cat":[23],"product_tag":[],"class_list":{"0":"post-151","1":"product","2":"type-product","3":"status-publish","4":"has-post-thumbnail","6":"product_cat-nos-formules","8":"first","9":"instock","10":"virtual","11":"taxable","12":"purchasable","13":"product-type-simple"},"_links":{"self":[{"href":"https:\/\/chambragne-fils.com\/index.php\/wp-json\/wp\/v2\/product\/151","targetHints":{"allow":["GET"]}}],"collection":[{"href":"https:\/\/chambragne-fils.com\/index.php\/wp-json\/wp\/v2\/product"}],"about":[{"href":"https:\/\/chambragne-fils.com\/index.php\/wp-json\/wp\/v2\/types\/product"}],"wp:featuredmedia":[{"embeddable":true,"href":"https:\/\/chambragne-fils.com\/index.php\/wp-json\/wp\/v2\/media\/231"}],"wp:attachment":[{"href":"https:\/\/chambragne-fils.com\/index.php\/wp-json\/wp\/v2\/media?parent=151"}],"wp:term":[{"taxonomy":"product_brand","embeddable":true,"href":"https:\/\/chambragne-fils.com\/index.php\/wp-json\/wp\/v2\/product_brand?post=151"},{"taxonomy":"product_cat","embeddable":true,"href":"https:\/\/chambragne-fils.com\/index.php\/wp-json\/wp\/v2\/product_cat?post=151"},{"taxonomy":"product_tag","embeddable":true,"href":"https:\/\/chambragne-fils.com\/index.php\/wp-json\/wp\/v2\/product_tag?post=151"}],"curies":[{"name":"wp","href":"https:\/\/api.w.org\/{rel}","templated":true}]}}