{"id":154,"date":"2023-12-17T09:40:38","date_gmt":"2023-12-17T08:40:38","guid":{"rendered":"https:\/\/chambragne-fils.com\/index.php\/produit\/photobooth\/"},"modified":"2026-01-22T19:17:04","modified_gmt":"2026-01-22T18:17:04","slug":"photobooth","status":"publish","type":"product","link":"https:\/\/chambragne-fils.com\/index.php\/produit\/photobooth\/","title":{"rendered":"Photobooth"},"content":{"rendered":"<p>Borne photo\/photobooth pour tout vos \u00e9v\u00e8nements, mariage, anniversaire, EVG, EVJF, retraite, tout est bon pour louer la borne photo ! Choisissez votre d\u00e9cor personnalis\u00e9 Tr\u00e8s simple d&#8217;utilisation, vous prenez la pose et votre photo appara\u00eet \u00e0 l&#8217;\u00e9cran&#8230;puis vous l&#8217;imprimez ! Appareil photo num\u00e9rique Canon eos 1300D Imprimante Sublimation DNP thermique DS-RX1 HS &#8211; 10&#215;15, 13&#215;18, 15&#215;20 R\u00e9solution d&#8217;impression<br \/>300&#215;600 dpi<br \/>200 photos comprises<\/p>\n","protected":false},"excerpt":{"rendered":"<p>Borne photo\/photobooth pour tout vos \u00e9v\u00e8nements, mariage, anniversaire, EVG, EVJF, retraite, tout est bon pour louer la borne photo ! Choisissez votre d\u00e9cor personnalis\u00e9 Tr\u00e8s simple d\u2019utilisation, vous prenez la pose et votre photo appara\u00eet \u00e0 l\u2019\u00e9cran\u2026 vous l\u2019imprimez, vous l&#8217;envoyez !<\/p>\n","protected":false},"featured_media":625,"template":"","meta":[],"product_brand":[],"product_cat":[24],"product_tag":[],"class_list":{"0":"post-154","1":"product","2":"type-product","3":"status-publish","4":"has-post-thumbnail","6":"product_cat-photobooth","8":"first","9":"instock","10":"featured","11":"sold-individually","12":"taxable","13":"shipping-taxable","14":"purchasable","15":"product-type-simple"},"_links":{"self":[{"href":"https:\/\/chambragne-fils.com\/index.php\/wp-json\/wp\/v2\/product\/154","targetHints":{"allow":["GET"]}}],"collection":[{"href":"https:\/\/chambragne-fils.com\/index.php\/wp-json\/wp\/v2\/product"}],"about":[{"href":"https:\/\/chambragne-fils.com\/index.php\/wp-json\/wp\/v2\/types\/product"}],"wp:featuredmedia":[{"embeddable":true,"href":"https:\/\/chambragne-fils.com\/index.php\/wp-json\/wp\/v2\/media\/625"}],"wp:attachment":[{"href":"https:\/\/chambragne-fils.com\/index.php\/wp-json\/wp\/v2\/media?parent=154"}],"wp:term":[{"taxonomy":"product_brand","embeddable":true,"href":"https:\/\/chambragne-fils.com\/index.php\/wp-json\/wp\/v2\/product_brand?post=154"},{"taxonomy":"product_cat","embeddable":true,"href":"https:\/\/chambragne-fils.com\/index.php\/wp-json\/wp\/v2\/product_cat?post=154"},{"taxonomy":"product_tag","embeddable":true,"href":"https:\/\/chambragne-fils.com\/index.php\/wp-json\/wp\/v2\/product_tag?post=154"}],"curies":[{"name":"wp","href":"https:\/\/api.w.org\/{rel}","templated":true}]}}